{"id":389,"date":"2025-11-19T16:50:28","date_gmt":"2025-11-19T16:50:28","guid":{"rendered":"https:\/\/www.ignasiportales.com\/?page_id=389"},"modified":"2026-01-02T15:44:34","modified_gmt":"2026-01-02T15:44:34","slug":"politica-cookies","status":"publish","type":"page","link":"https:\/\/www.ignasiportales.com\/ca\/politica-cookies\/","title":{"rendered":"Pol\u00edtica de Cookies"},"content":{"rendered":"\n<p><strong><strong>Informaci\u00f3 sobre les cookies<\/strong><\/strong><\/p>\n\n\n\n<p>Les cookies s\u00f3n arxius que es poden descarregar al teu dispositiu a trav\u00e9s de les p\u00e0gines web. S\u00f3n eines que tenen un paper essencial per a la prestaci\u00f3 de nombrosos serveis de la societat de la informaci\u00f3. Entre altres funcions, permeten a una p\u00e0gina web <strong>emmagatzemar i recuperar informaci\u00f3 sobre els h\u00e0bits de navegaci\u00f3 d\u2019un usuari o del seu dispositiu<\/strong> i, en funci\u00f3 de la informaci\u00f3 obtinguda, poden utilitzar-se per recon\u00e8ixer l\u2019usuari i millorar el servei ofert.<\/p>\n\n\n\n<p><strong>Tipus de cookies<\/strong><\/p>\n\n\n\n<p>Segons l\u2019entitat que gestioni el domini des del qual s\u2019envien les cookies i que tracti les dades que s\u2019obtinguin, es poden distingir <strong>dos tipus de cookies<\/strong>:<\/p>\n\n\n\n<ul class=\"wp-block-list\">\n<li><strong>Cookies pr\u00f2pies<\/strong>: enviades al dispositiu de l\u2019usuari des d\u2019un domini gestionat pel mateix editor.<\/li>\n\n\n\n<li><strong>Cookies de tercers<\/strong>: enviades al dispositiu de l\u2019usuari des d\u2019un domini que no \u00e9s gestionat per l\u2019editor, sin\u00f3 per una altra entitat que tracta les dades obtingudes mitjan\u00e7ant les cookies.<\/li>\n<\/ul>\n\n\n\n<p>Tamb\u00e9 existeix una segona classificaci\u00f3 segons el <strong>temps que romanen emmagatzemades<\/strong> al navegador de l\u2019usuari:<\/p>\n\n\n\n<ul class=\"wp-block-list\">\n<li><strong>Cookies de sessi\u00f3<\/strong><\/li>\n\n\n\n<li><strong>Cookies persistents<\/strong><\/li>\n<\/ul>\n\n\n\n<p>Finalment, existeix una altra classificaci\u00f3 segons la <strong>finalitat<\/strong> del tractament de les dades obtingudes:<\/p>\n\n\n\n<p><strong>Cookies de publicitat comportamental<\/strong>Seg\u00fan quien sea la entidad que gestione el dominio desde donde se env\u00edan las cookies y trate los datos que se obtengan se pueden distinguir dos tipos: cookies propias y cookies de terceros.\u00a0 Existe tambi\u00e9n una segunda clasificaci\u00f3n seg\u00fan el plazo de tiempo que permanecen almacenadas en el navegador del cliente, pudiendo tratarse de cookies de sesi\u00f3n o cookies persistentes.\u00a0 Por \u00faltimo, existe otra clasificaci\u00f3n con cinco tipos de cookies seg\u00fan la finalidad para la que se traten los datos obtenidos: cookies t\u00e9cnicas, cookies de personalizaci\u00f3n, cookies de an\u00e1lisis, cookies publicitarias y cookies de publicidad comportamental.<\/p>\n\n\n\n<p> <strong>Cookies de personalitzaci\u00f3<\/strong> \/ <strong>Cookies d\u2019an\u00e0lisi<\/strong> \/ <strong>Cookies publicit\u00e0ries<\/strong><\/p>\n\n\n\n<p><strong><strong>Cookies utilitzades en aquest web<\/strong><\/strong><\/p>\n\n\n\n<p>A continuaci\u00f3 s\u2019identifiquen les cookies que s\u2019utilitzen en aquest portal, aix\u00ed com la seva tipologia i funci\u00f3:<\/p>\n\n\n\n<figure class=\"wp-block-table\"><table class=\"has-fixed-layout\"><thead><tr><th><strong>TIPUS DE COOKIE<\/strong><\/th><th><strong>FINALITAT<\/strong><\/th><th><strong>DURADA<\/strong><\/th><th><strong>TERCERS<\/strong><\/th><\/tr><\/thead><tbody><tr><td><\/td><td><\/td><td><\/td><td><\/td><\/tr><tr><td><\/td><td><\/td><td><\/td><td><\/td><\/tr><\/tbody><\/table><\/figure>\n\n\n\n<p><strong><strong>Com modificar la configuraci\u00f3 de les cookies<\/strong><\/strong><\/p>\n\n\n\n<p>Pots <strong>permetre, bloquejar o eliminar les cookies<\/strong> instal\u00b7lades al teu dispositiu mitjan\u00e7ant la configuraci\u00f3 de les opcions del navegador que utilitzis. En cada navegador el procediment \u00e9s diferent; la funci\u00f3 d\u2019Ajuda et mostrar\u00e0 com fer-ho.<\/p>\n\n\n\n<p>Opera:&nbsp;<a href=\"https:\/\/www.opera.com\/help\/tutorials\/security\/privacy\/\">https:\/\/www.opera.com\/help\/tutorials\/security\/privacy\/<\/a><\/p>\n\n\n\n<p>Microsoft Edge: <a href=\"https:\/\/support.microsoft.com\/es-es\/windows\/administrar-cookies-en-microsoft-edge-ver-permitir-bloquear-eliminar-y-usar-168dab11-0753-043d-7c16-ede5947fc64d\">https:\/\/support.microsoft.com\/es-es\/windows\/administrar-cookies-en-microsoft-edge-ver-permitir-bloquear-eliminar-y-usar-168dab11-0753-043d-7c16-ede5947fc64d<\/a><\/p>\n\n\n\n<p>FireFox: <a href=\"https:\/\/support.mozilla.org\/es\/kb\/Borrar%20cookies\"><\/a><a href=\"https:\/\/support.mozilla.org\/es\/kb\/Borrar\">https:\/\/support.mozilla.org\/es\/kb\/Borrar<\/a> cookies<\/p>\n\n\n\n<p>Chrome: <a href=\"https:\/\/support.google.com\/chrome\/answer\/95647?hl=%22es%22\"><\/a><a href=\"https:\/\/support.google.com\/chrome\/answer\/95647?hl=%22es%22\">https:\/\/support.google.com\/chrome\/answer\/95647?hl=&#8221;es&#8221;<\/a><\/p>\n\n\n\n<p>Safari:&nbsp;<a href=\"https:\/\/www.apple.com\/legal\/privacy\/es\/cookies\/\">https:\/\/www.apple.com\/legal\/privacy\/es\/cookies\/<\/a><\/p>\n\n\n\n<p>Safari para iOS:&nbsp;<a href=\"http:\/\/support.apple.com\/kb\/HT1677?viewlocale=es_ES&amp;locale=es_ES\">http:\/\/support.apple.com\/kb\/HT1677?viewlocale=es_ES&amp;locale=es_ES<\/a><\/p>\n","protected":false},"excerpt":{"rendered":"<p>Informaci\u00f3 sobre les cookies Les cookies s\u00f3n arxius que es poden descarregar al teu dispositiu a trav\u00e9s de les p\u00e0gines web. S\u00f3n eines que tenen un paper essencial per a la prestaci\u00f3 de nombrosos serveis de la societat de la informaci\u00f3. Entre altres funcions, permeten a una p\u00e0gina web emmagatzemar i recuperar informaci\u00f3 sobre els [&hellip;]<\/p>\n","protected":false},"author":4,"featured_media":0,"parent":0,"menu_order":0,"comment_status":"closed","ping_status":"closed","template":"","meta":{"_acf_changed":false,"site-sidebar-layout":"left-sidebar","site-content-layout":"","ast-site-content-layout":"default","site-content-style":"default","site-sidebar-style":"default","ast-global-header-display":"","ast-banner-title-visibility":"","ast-main-header-display":"","ast-hfb-above-header-display":"","ast-hfb-below-header-display":"","ast-hfb-mobile-header-display":"","site-post-title":"","ast-breadcrumbs-content":"","ast-featured-img":"","footer-sml-layout":"","ast-disable-related-posts":"","theme-transparent-header-meta":"","adv-header-id-meta":"","stick-header-meta":"","header-above-stick-meta":"","header-main-stick-meta":"","header-below-stick-meta":"","astra-migrate-meta-layouts":"default","ast-page-background-enabled":"default","ast-page-background-meta":{"desktop":{"background-color":"var(--ast-global-color-5)","background-image":"","background-repeat":"repeat","background-position":"center center","background-size":"auto","background-attachment":"scroll","background-type":"","background-media":"","overlay-type":"","overlay-color":"","overlay-opacity":"","overlay-gradient":""},"tablet":{"background-color":"","background-image":"","background-repeat":"repeat","background-position":"center center","background-size":"auto","background-attachment":"scroll","background-type":"","background-media":"","overlay-type":"","overlay-color":"","overlay-opacity":"","overlay-gradient":""},"mobile":{"background-color":"","background-image":"","background-repeat":"repeat","background-position":"center center","background-size":"auto","background-attachment":"scroll","background-type":"","background-media":"","overlay-type":"","overlay-color":"","overlay-opacity":"","overlay-gradient":""}},"ast-content-background-meta":{"desktop":{"background-color":"var(--ast-global-color-4)","background-image":"","background-repeat":"repeat","background-position":"center center","background-size":"auto","background-attachment":"scroll","background-type":"","background-media":"","overlay-type":"","overlay-color":"","overlay-opacity":"","overlay-gradient":""},"tablet":{"background-color":"var(--ast-global-color-4)","background-image":"","background-repeat":"repeat","background-position":"center center","background-size":"auto","background-attachment":"scroll","background-type":"","background-media":"","overlay-type":"","overlay-color":"","overlay-opacity":"","overlay-gradient":""},"mobile":{"background-color":"var(--ast-global-color-4)","background-image":"","background-repeat":"repeat","background-position":"center center","background-size":"auto","background-attachment":"scroll","background-type":"","background-media":"","overlay-type":"","overlay-color":"","overlay-opacity":"","overlay-gradient":""}},"footnotes":""},"class_list":["post-389","page","type-page","status-publish","hentry"],"acf":[],"yoast_head":"<!-- This site is optimized with the Yoast SEO plugin v26.7 - https:\/\/yoast.com\/wordpress\/plugins\/seo\/ -->\n<title>Pol\u00edtica de cookies<\/title>\n<meta name=\"description\" content=\"Consulta com utilitzem cookies per millorar la teva experi\u00e8ncia al web. Transpar\u00e8ncia i control sobre les teves dades de navegaci\u00f3.\" \/>\n<meta name=\"robots\" content=\"noindex, follow\" \/>\n<meta property=\"og:locale\" content=\"ca_ES\" \/>\n<meta property=\"og:type\" content=\"article\" \/>\n<meta property=\"og:title\" content=\"Pol\u00edtica de cookies\" \/>\n<meta property=\"og:description\" content=\"Consulta com utilitzem cookies per millorar la teva experi\u00e8ncia al web. Transpar\u00e8ncia i control sobre les teves dades de navegaci\u00f3.\" \/>\n<meta property=\"og:url\" content=\"https:\/\/www.ignasiportales.com\/ca\/politica-cookies\/\" \/>\n<meta property=\"og:site_name\" content=\"Ignasi Portales\" \/>\n<meta property=\"article:modified_time\" content=\"2026-01-02T15:44:34+00:00\" \/>\n<meta name=\"twitter:card\" content=\"summary_large_image\" \/>\n<meta name=\"twitter:label1\" content=\"Temps estimat de lectura\" \/>\n\t<meta name=\"twitter:data1\" content=\"2 minuts\" \/>\n<script type=\"application\/ld+json\" class=\"yoast-schema-graph\">{\"@context\":\"https:\/\/schema.org\",\"@graph\":[{\"@type\":\"WebPage\",\"@id\":\"https:\/\/www.ignasiportales.com\/ca\/politica-cookies\/\",\"url\":\"https:\/\/www.ignasiportales.com\/ca\/politica-cookies\/\",\"name\":\"Pol\u00edtica de cookies\",\"isPartOf\":{\"@id\":\"https:\/\/www.ignasiportales.com\/ca\/#website\"},\"datePublished\":\"2025-11-19T16:50:28+00:00\",\"dateModified\":\"2026-01-02T15:44:34+00:00\",\"description\":\"Consulta com utilitzem cookies per millorar la teva experi\u00e8ncia al web. Transpar\u00e8ncia i control sobre les teves dades de navegaci\u00f3.\",\"breadcrumb\":{\"@id\":\"https:\/\/www.ignasiportales.com\/ca\/politica-cookies\/#breadcrumb\"},\"inLanguage\":\"ca\",\"potentialAction\":[{\"@type\":\"ReadAction\",\"target\":[\"https:\/\/www.ignasiportales.com\/ca\/politica-cookies\/\"]}]},{\"@type\":\"BreadcrumbList\",\"@id\":\"https:\/\/www.ignasiportales.com\/ca\/politica-cookies\/#breadcrumb\",\"itemListElement\":[{\"@type\":\"ListItem\",\"position\":1,\"name\":\"Inici\",\"item\":\"https:\/\/www.ignasiportales.com\/ca\/\"},{\"@type\":\"ListItem\",\"position\":2,\"name\":\"Pol\u00edtica de Cookies\"}]},{\"@type\":\"WebSite\",\"@id\":\"https:\/\/www.ignasiportales.com\/ca\/#website\",\"url\":\"https:\/\/www.ignasiportales.com\/ca\/\",\"name\":\"Ignasi Portales\",\"description\":\"Estudio de branding y packaging\",\"publisher\":{\"@id\":\"https:\/\/www.ignasiportales.com\/ca\/#organization\"},\"potentialAction\":[{\"@type\":\"SearchAction\",\"target\":{\"@type\":\"EntryPoint\",\"urlTemplate\":\"https:\/\/www.ignasiportales.com\/ca\/?s={search_term_string}\"},\"query-input\":{\"@type\":\"PropertyValueSpecification\",\"valueRequired\":true,\"valueName\":\"search_term_string\"}}],\"inLanguage\":\"ca\"},{\"@type\":\"Organization\",\"@id\":\"https:\/\/www.ignasiportales.com\/ca\/#organization\",\"name\":\"Ignasi Portales\",\"url\":\"https:\/\/www.ignasiportales.com\/ca\/\",\"logo\":{\"@type\":\"ImageObject\",\"inLanguage\":\"ca\",\"@id\":\"https:\/\/www.ignasiportales.com\/ca\/#\/schema\/logo\/image\/\",\"url\":\"https:\/\/www.ignasiportales.com\/wp-content\/uploads\/2022\/08\/ignasi-logo-n.png\",\"contentUrl\":\"https:\/\/www.ignasiportales.com\/wp-content\/uploads\/2022\/08\/ignasi-logo-n.png\",\"width\":1200,\"height\":180,\"caption\":\"Ignasi Portales\"},\"image\":{\"@id\":\"https:\/\/www.ignasiportales.com\/ca\/#\/schema\/logo\/image\/\"},\"sameAs\":[\"https:\/\/www.instagram.com\/ignasiportales\",\"http:\/\/www.linkedin.com\/in\/ignasi-portales-rius-59484157\"]}]}<\/script>\n<!-- \/ Yoast SEO plugin. -->","yoast_head_json":{"title":"Pol\u00edtica de cookies","description":"Consulta com utilitzem cookies per millorar la teva experi\u00e8ncia al web. Transpar\u00e8ncia i control sobre les teves dades de navegaci\u00f3.","robots":{"index":"noindex","follow":"follow"},"og_locale":"ca_ES","og_type":"article","og_title":"Pol\u00edtica de cookies","og_description":"Consulta com utilitzem cookies per millorar la teva experi\u00e8ncia al web. Transpar\u00e8ncia i control sobre les teves dades de navegaci\u00f3.","og_url":"https:\/\/www.ignasiportales.com\/ca\/politica-cookies\/","og_site_name":"Ignasi Portales","article_modified_time":"2026-01-02T15:44:34+00:00","twitter_card":"summary_large_image","twitter_misc":{"Temps estimat de lectura":"2 minuts"},"schema":{"@context":"https:\/\/schema.org","@graph":[{"@type":"WebPage","@id":"https:\/\/www.ignasiportales.com\/ca\/politica-cookies\/","url":"https:\/\/www.ignasiportales.com\/ca\/politica-cookies\/","name":"Pol\u00edtica de cookies","isPartOf":{"@id":"https:\/\/www.ignasiportales.com\/ca\/#website"},"datePublished":"2025-11-19T16:50:28+00:00","dateModified":"2026-01-02T15:44:34+00:00","description":"Consulta com utilitzem cookies per millorar la teva experi\u00e8ncia al web. Transpar\u00e8ncia i control sobre les teves dades de navegaci\u00f3.","breadcrumb":{"@id":"https:\/\/www.ignasiportales.com\/ca\/politica-cookies\/#breadcrumb"},"inLanguage":"ca","potentialAction":[{"@type":"ReadAction","target":["https:\/\/www.ignasiportales.com\/ca\/politica-cookies\/"]}]},{"@type":"BreadcrumbList","@id":"https:\/\/www.ignasiportales.com\/ca\/politica-cookies\/#breadcrumb","itemListElement":[{"@type":"ListItem","position":1,"name":"Inici","item":"https:\/\/www.ignasiportales.com\/ca\/"},{"@type":"ListItem","position":2,"name":"Pol\u00edtica de Cookies"}]},{"@type":"WebSite","@id":"https:\/\/www.ignasiportales.com\/ca\/#website","url":"https:\/\/www.ignasiportales.com\/ca\/","name":"Ignasi Portales","description":"Estudio de branding y packaging","publisher":{"@id":"https:\/\/www.ignasiportales.com\/ca\/#organization"},"potentialAction":[{"@type":"SearchAction","target":{"@type":"EntryPoint","urlTemplate":"https:\/\/www.ignasiportales.com\/ca\/?s={search_term_string}"},"query-input":{"@type":"PropertyValueSpecification","valueRequired":true,"valueName":"search_term_string"}}],"inLanguage":"ca"},{"@type":"Organization","@id":"https:\/\/www.ignasiportales.com\/ca\/#organization","name":"Ignasi Portales","url":"https:\/\/www.ignasiportales.com\/ca\/","logo":{"@type":"ImageObject","inLanguage":"ca","@id":"https:\/\/www.ignasiportales.com\/ca\/#\/schema\/logo\/image\/","url":"https:\/\/www.ignasiportales.com\/wp-content\/uploads\/2022\/08\/ignasi-logo-n.png","contentUrl":"https:\/\/www.ignasiportales.com\/wp-content\/uploads\/2022\/08\/ignasi-logo-n.png","width":1200,"height":180,"caption":"Ignasi Portales"},"image":{"@id":"https:\/\/www.ignasiportales.com\/ca\/#\/schema\/logo\/image\/"},"sameAs":["https:\/\/www.instagram.com\/ignasiportales","http:\/\/www.linkedin.com\/in\/ignasi-portales-rius-59484157"]}]}},"_links":{"self":[{"href":"https:\/\/www.ignasiportales.com\/ca\/wp-json\/wp\/v2\/pages\/389","targetHints":{"allow":["GET"]}}],"collection":[{"href":"https:\/\/www.ignasiportales.com\/ca\/wp-json\/wp\/v2\/pages"}],"about":[{"href":"https:\/\/www.ignasiportales.com\/ca\/wp-json\/wp\/v2\/types\/page"}],"author":[{"embeddable":true,"href":"https:\/\/www.ignasiportales.com\/ca\/wp-json\/wp\/v2\/users\/4"}],"replies":[{"embeddable":true,"href":"https:\/\/www.ignasiportales.com\/ca\/wp-json\/wp\/v2\/comments?post=389"}],"version-history":[{"count":5,"href":"https:\/\/www.ignasiportales.com\/ca\/wp-json\/wp\/v2\/pages\/389\/revisions"}],"predecessor-version":[{"id":787,"href":"https:\/\/www.ignasiportales.com\/ca\/wp-json\/wp\/v2\/pages\/389\/revisions\/787"}],"wp:attachment":[{"href":"https:\/\/www.ignasiportales.com\/ca\/wp-json\/wp\/v2\/media?parent=389"}],"curies":[{"name":"wp","href":"https:\/\/api.w.org\/{rel}","templated":true}]}}