{"id":461,"date":"2025-11-21T12:12:03","date_gmt":"2025-11-21T12:12:03","guid":{"rendered":"https:\/\/www.ignasiportales.com\/?page_id=461"},"modified":"2026-01-02T15:38:44","modified_gmt":"2026-01-02T15:38:44","slug":"avis-legal","status":"publish","type":"page","link":"https:\/\/www.ignasiportales.com\/ca\/avis-legal\/","title":{"rendered":"Av\u00eds Legal"},"content":{"rendered":"\n<p>El responsable d\u2019aquesta p\u00e0gina web \u00e9s: <strong>Ignasi Portales<\/strong>, amb C.I.F. 46352210B i domicili social al <strong>Carrer El Masnou, 32, 08328 Alella \u2013 Barcelona<\/strong>.<\/p>\n\n\n\n<p>Tamb\u00e9 pots contactar-nos al <strong>tel\u00e8fon 935 552 598<\/strong> o a trav\u00e9s de l\u2019adre\u00e7a de correu electr\u00f2nic: <strong>info[@]ignasiportales.com<\/strong>.<\/p>\n\n\n\n<h3 class=\"wp-block-heading\"><strong>Propietat Intel\u00b7lectual i Industrial<\/strong><\/h3>\n\n\n\n<p>El disseny d\u2019aquest lloc web i els seus codis font, aix\u00ed com els logos, marques i altres signes distintius que hi apareixen, <strong>pertanyen a Ignasi Portales<\/strong> i estan protegits pels corresponents drets de propietat intel\u00b7lectual i industrial.<\/p>\n\n\n\n<h3 class=\"wp-block-heading\"><strong>Responsabilitat dels continguts<\/strong><\/h3>\n\n\n\n<p><strong>Ignasi Portales<\/strong> no es fa responsable de la legalitat d\u2019altres llocs web de tercers des dels quals es pugui accedir a aquesta web.<\/p>\n\n\n\n<p><strong>Ignasi Portales<\/strong> tampoc respon per la legalitat d\u2019altres llocs web de tercers que puguin estar vinculats o enlla\u00e7ats des d\u2019aquesta web.<\/p>\n\n\n\n<p><strong>Ignasi Portales<\/strong> es reserva el dret de realitzar <strong>canvis en el lloc web sense previ av\u00eds<\/strong>, amb l\u2019objectiu de mantenir la informaci\u00f3 actualitzada, afegint, modificant, corregint o eliminant els continguts publicats o el disseny del portal.<\/p>\n\n\n\n<p><strong>Ignasi Portales<\/strong> no ser\u00e0 responsable de l\u2019\u00fas que tercers facin de la informaci\u00f3 publicada al portal, ni tampoc dels danys o p\u00e8rdues econ\u00f2miques, directes o indirectes, que puguin produir-se com a conseq\u00fc\u00e8ncia de l\u2019\u00fas d\u2019aquesta informaci\u00f3.<\/p>\n\n\n\n<h3 class=\"wp-block-heading\"><strong>Reproducci\u00f3 de continguts<\/strong><\/h3>\n\n\n\n<p>Es prohibeix la reproducci\u00f3 total o parcial dels continguts publicats en aquesta web sense l\u2019autoritzaci\u00f3 pr\u00e8via i per escrit d\u2019<strong>Ignasi Portales<\/strong>.<\/p>\n\n\n\n<p>Tota la informaci\u00f3 relativa a la privacitat la trobar\u00e0s a la nostra <strong><a href=\"https:\/\/www.ignasiportales.com\/ca\/politica-privacitat\/\">Pol\u00edtica de Privacitat<\/a><\/strong>.<\/p>\n","protected":false},"excerpt":{"rendered":"<p>El responsable d\u2019aquesta p\u00e0gina web \u00e9s: Ignasi Portales, amb C.I.F. 46352210B i domicili social al Carrer El Masnou, 32, 08328 Alella \u2013 Barcelona. Tamb\u00e9 pots contactar-nos al tel\u00e8fon 935 552 598 o a trav\u00e9s de l\u2019adre\u00e7a de correu electr\u00f2nic: info[@]ignasiportales.com. Propietat Intel\u00b7lectual i Industrial El disseny d\u2019aquest lloc web i els seus codis font, aix\u00ed [&hellip;]<\/p>\n","protected":false},"author":4,"featured_media":0,"parent":0,"menu_order":0,"comment_status":"closed","ping_status":"closed","template":"","meta":{"_acf_changed":false,"site-sidebar-layout":"left-sidebar","site-content-layout":"","ast-site-content-layout":"default","site-content-style":"default","site-sidebar-style":"default","ast-global-header-display":"","ast-banner-title-visibility":"","ast-main-header-display":"","ast-hfb-above-header-display":"","ast-hfb-below-header-display":"","ast-hfb-mobile-header-display":"","site-post-title":"","ast-breadcrumbs-content":"","ast-featured-img":"","footer-sml-layout":"","ast-disable-related-posts":"","theme-transparent-header-meta":"","adv-header-id-meta":"","stick-header-meta":"","header-above-stick-meta":"","header-main-stick-meta":"","header-below-stick-meta":"","astra-migrate-meta-layouts":"default","ast-page-background-enabled":"default","ast-page-background-meta":{"desktop":{"background-color":"var(--ast-global-color-5)","background-image":"","background-repeat":"repeat","background-position":"center center","background-size":"auto","background-attachment":"scroll","background-type":"","background-media":"","overlay-type":"","overlay-color":"","overlay-opacity":"","overlay-gradient":""},"tablet":{"background-color":"","background-image":"","background-repeat":"repeat","background-position":"center center","background-size":"auto","background-attachment":"scroll","background-type":"","background-media":"","overlay-type":"","overlay-color":"","overlay-opacity":"","overlay-gradient":""},"mobile":{"background-color":"","background-image":"","background-repeat":"repeat","background-position":"center center","background-size":"auto","background-attachment":"scroll","background-type":"","background-media":"","overlay-type":"","overlay-color":"","overlay-opacity":"","overlay-gradient":""}},"ast-content-background-meta":{"desktop":{"background-color":"var(--ast-global-color-4)","background-image":"","background-repeat":"repeat","background-position":"center center","background-size":"auto","background-attachment":"scroll","background-type":"","background-media":"","overlay-type":"","overlay-color":"","overlay-opacity":"","overlay-gradient":""},"tablet":{"background-color":"var(--ast-global-color-4)","background-image":"","background-repeat":"repeat","background-position":"center center","background-size":"auto","background-attachment":"scroll","background-type":"","background-media":"","overlay-type":"","overlay-color":"","overlay-opacity":"","overlay-gradient":""},"mobile":{"background-color":"var(--ast-global-color-4)","background-image":"","background-repeat":"repeat","background-position":"center center","background-size":"auto","background-attachment":"scroll","background-type":"","background-media":"","overlay-type":"","overlay-color":"","overlay-opacity":"","overlay-gradient":""}},"footnotes":""},"class_list":["post-461","page","type-page","status-publish","hentry"],"acf":[],"yoast_head":"<!-- This site is optimized with the Yoast SEO plugin v26.7 - https:\/\/yoast.com\/wordpress\/plugins\/seo\/ -->\n<title>Av\u00eds legal<\/title>\n<meta name=\"description\" content=\"Consulta l\u2019Avis Legal del nostre web per con\u00e8ixer la informaci\u00f3 sobre propietat, condicions d\u2019\u00fas i compliment legal. Transpar\u00e8ncia i seguretat per als nostres usuaris.\" \/>\n<meta name=\"robots\" content=\"noindex, follow\" \/>\n<meta property=\"og:locale\" content=\"ca_ES\" \/>\n<meta property=\"og:type\" content=\"article\" \/>\n<meta property=\"og:title\" content=\"Av\u00eds legal\" \/>\n<meta property=\"og:description\" content=\"Consulta l\u2019Avis Legal del nostre web per con\u00e8ixer la informaci\u00f3 sobre propietat, condicions d\u2019\u00fas i compliment legal. Transpar\u00e8ncia i seguretat per als nostres usuaris.\" \/>\n<meta property=\"og:url\" content=\"https:\/\/www.ignasiportales.com\/ca\/avis-legal\/\" \/>\n<meta property=\"og:site_name\" content=\"Ignasi Portales\" \/>\n<meta property=\"article:modified_time\" content=\"2026-01-02T15:38:44+00:00\" \/>\n<meta name=\"twitter:card\" content=\"summary_large_image\" \/>\n<meta name=\"twitter:label1\" content=\"Temps estimat de lectura\" \/>\n\t<meta name=\"twitter:data1\" content=\"2 minuts\" \/>\n<script type=\"application\/ld+json\" class=\"yoast-schema-graph\">{\"@context\":\"https:\/\/schema.org\",\"@graph\":[{\"@type\":\"WebPage\",\"@id\":\"https:\/\/www.ignasiportales.com\/ca\/avis-legal\/\",\"url\":\"https:\/\/www.ignasiportales.com\/ca\/avis-legal\/\",\"name\":\"Av\u00eds legal\",\"isPartOf\":{\"@id\":\"https:\/\/www.ignasiportales.com\/ca\/#website\"},\"datePublished\":\"2025-11-21T12:12:03+00:00\",\"dateModified\":\"2026-01-02T15:38:44+00:00\",\"description\":\"Consulta l\u2019Avis Legal del nostre web per con\u00e8ixer la informaci\u00f3 sobre propietat, condicions d\u2019\u00fas i compliment legal. Transpar\u00e8ncia i seguretat per als nostres usuaris.\",\"breadcrumb\":{\"@id\":\"https:\/\/www.ignasiportales.com\/ca\/avis-legal\/#breadcrumb\"},\"inLanguage\":\"ca\",\"potentialAction\":[{\"@type\":\"ReadAction\",\"target\":[\"https:\/\/www.ignasiportales.com\/ca\/avis-legal\/\"]}]},{\"@type\":\"BreadcrumbList\",\"@id\":\"https:\/\/www.ignasiportales.com\/ca\/avis-legal\/#breadcrumb\",\"itemListElement\":[{\"@type\":\"ListItem\",\"position\":1,\"name\":\"Inici\",\"item\":\"https:\/\/www.ignasiportales.com\/ca\/\"},{\"@type\":\"ListItem\",\"position\":2,\"name\":\"Av\u00eds Legal\"}]},{\"@type\":\"WebSite\",\"@id\":\"https:\/\/www.ignasiportales.com\/ca\/#website\",\"url\":\"https:\/\/www.ignasiportales.com\/ca\/\",\"name\":\"Ignasi Portales\",\"description\":\"Estudio de branding y packaging\",\"publisher\":{\"@id\":\"https:\/\/www.ignasiportales.com\/ca\/#organization\"},\"potentialAction\":[{\"@type\":\"SearchAction\",\"target\":{\"@type\":\"EntryPoint\",\"urlTemplate\":\"https:\/\/www.ignasiportales.com\/ca\/?s={search_term_string}\"},\"query-input\":{\"@type\":\"PropertyValueSpecification\",\"valueRequired\":true,\"valueName\":\"search_term_string\"}}],\"inLanguage\":\"ca\"},{\"@type\":\"Organization\",\"@id\":\"https:\/\/www.ignasiportales.com\/ca\/#organization\",\"name\":\"Ignasi Portales\",\"url\":\"https:\/\/www.ignasiportales.com\/ca\/\",\"logo\":{\"@type\":\"ImageObject\",\"inLanguage\":\"ca\",\"@id\":\"https:\/\/www.ignasiportales.com\/ca\/#\/schema\/logo\/image\/\",\"url\":\"https:\/\/www.ignasiportales.com\/wp-content\/uploads\/2022\/08\/ignasi-logo-n.png\",\"contentUrl\":\"https:\/\/www.ignasiportales.com\/wp-content\/uploads\/2022\/08\/ignasi-logo-n.png\",\"width\":1200,\"height\":180,\"caption\":\"Ignasi Portales\"},\"image\":{\"@id\":\"https:\/\/www.ignasiportales.com\/ca\/#\/schema\/logo\/image\/\"},\"sameAs\":[\"https:\/\/www.instagram.com\/ignasiportales\",\"http:\/\/www.linkedin.com\/in\/ignasi-portales-rius-59484157\"]}]}<\/script>\n<!-- \/ Yoast SEO plugin. -->","yoast_head_json":{"title":"Av\u00eds legal","description":"Consulta l\u2019Avis Legal del nostre web per con\u00e8ixer la informaci\u00f3 sobre propietat, condicions d\u2019\u00fas i compliment legal. Transpar\u00e8ncia i seguretat per als nostres usuaris.","robots":{"index":"noindex","follow":"follow"},"og_locale":"ca_ES","og_type":"article","og_title":"Av\u00eds legal","og_description":"Consulta l\u2019Avis Legal del nostre web per con\u00e8ixer la informaci\u00f3 sobre propietat, condicions d\u2019\u00fas i compliment legal. Transpar\u00e8ncia i seguretat per als nostres usuaris.","og_url":"https:\/\/www.ignasiportales.com\/ca\/avis-legal\/","og_site_name":"Ignasi Portales","article_modified_time":"2026-01-02T15:38:44+00:00","twitter_card":"summary_large_image","twitter_misc":{"Temps estimat de lectura":"2 minuts"},"schema":{"@context":"https:\/\/schema.org","@graph":[{"@type":"WebPage","@id":"https:\/\/www.ignasiportales.com\/ca\/avis-legal\/","url":"https:\/\/www.ignasiportales.com\/ca\/avis-legal\/","name":"Av\u00eds legal","isPartOf":{"@id":"https:\/\/www.ignasiportales.com\/ca\/#website"},"datePublished":"2025-11-21T12:12:03+00:00","dateModified":"2026-01-02T15:38:44+00:00","description":"Consulta l\u2019Avis Legal del nostre web per con\u00e8ixer la informaci\u00f3 sobre propietat, condicions d\u2019\u00fas i compliment legal. Transpar\u00e8ncia i seguretat per als nostres usuaris.","breadcrumb":{"@id":"https:\/\/www.ignasiportales.com\/ca\/avis-legal\/#breadcrumb"},"inLanguage":"ca","potentialAction":[{"@type":"ReadAction","target":["https:\/\/www.ignasiportales.com\/ca\/avis-legal\/"]}]},{"@type":"BreadcrumbList","@id":"https:\/\/www.ignasiportales.com\/ca\/avis-legal\/#breadcrumb","itemListElement":[{"@type":"ListItem","position":1,"name":"Inici","item":"https:\/\/www.ignasiportales.com\/ca\/"},{"@type":"ListItem","position":2,"name":"Av\u00eds Legal"}]},{"@type":"WebSite","@id":"https:\/\/www.ignasiportales.com\/ca\/#website","url":"https:\/\/www.ignasiportales.com\/ca\/","name":"Ignasi Portales","description":"Estudio de branding y packaging","publisher":{"@id":"https:\/\/www.ignasiportales.com\/ca\/#organization"},"potentialAction":[{"@type":"SearchAction","target":{"@type":"EntryPoint","urlTemplate":"https:\/\/www.ignasiportales.com\/ca\/?s={search_term_string}"},"query-input":{"@type":"PropertyValueSpecification","valueRequired":true,"valueName":"search_term_string"}}],"inLanguage":"ca"},{"@type":"Organization","@id":"https:\/\/www.ignasiportales.com\/ca\/#organization","name":"Ignasi Portales","url":"https:\/\/www.ignasiportales.com\/ca\/","logo":{"@type":"ImageObject","inLanguage":"ca","@id":"https:\/\/www.ignasiportales.com\/ca\/#\/schema\/logo\/image\/","url":"https:\/\/www.ignasiportales.com\/wp-content\/uploads\/2022\/08\/ignasi-logo-n.png","contentUrl":"https:\/\/www.ignasiportales.com\/wp-content\/uploads\/2022\/08\/ignasi-logo-n.png","width":1200,"height":180,"caption":"Ignasi Portales"},"image":{"@id":"https:\/\/www.ignasiportales.com\/ca\/#\/schema\/logo\/image\/"},"sameAs":["https:\/\/www.instagram.com\/ignasiportales","http:\/\/www.linkedin.com\/in\/ignasi-portales-rius-59484157"]}]}},"_links":{"self":[{"href":"https:\/\/www.ignasiportales.com\/ca\/wp-json\/wp\/v2\/pages\/461","targetHints":{"allow":["GET"]}}],"collection":[{"href":"https:\/\/www.ignasiportales.com\/ca\/wp-json\/wp\/v2\/pages"}],"about":[{"href":"https:\/\/www.ignasiportales.com\/ca\/wp-json\/wp\/v2\/types\/page"}],"author":[{"embeddable":true,"href":"https:\/\/www.ignasiportales.com\/ca\/wp-json\/wp\/v2\/users\/4"}],"replies":[{"embeddable":true,"href":"https:\/\/www.ignasiportales.com\/ca\/wp-json\/wp\/v2\/comments?post=461"}],"version-history":[{"count":4,"href":"https:\/\/www.ignasiportales.com\/ca\/wp-json\/wp\/v2\/pages\/461\/revisions"}],"predecessor-version":[{"id":783,"href":"https:\/\/www.ignasiportales.com\/ca\/wp-json\/wp\/v2\/pages\/461\/revisions\/783"}],"wp:attachment":[{"href":"https:\/\/www.ignasiportales.com\/ca\/wp-json\/wp\/v2\/media?parent=461"}],"curies":[{"name":"wp","href":"https:\/\/api.w.org\/{rel}","templated":true}]}}